{"id":290,"date":"2017-05-22T13:12:09","date_gmt":"2017-05-22T13:12:09","guid":{"rendered":"https:\/\/www.markosaje.com\/storitve\/static-calculation\/"},"modified":"2019-12-05T13:58:09","modified_gmt":"2019-12-05T13:58:09","slug":"staticni-izracun","status":"publish","type":"page","link":"https:\/\/www.markosaje.com\/sl\/storitve\/staticni-izracun\/","title":{"rendered":"Stati\u010dni izra\u010dun"},"content":{"rendered":"<p>Specializirani smo za izdelavo stati\u010dne projektne dokumentacije za masivne, jeklene in lesene konstrukcije, kot tudi za podro\u010dje varovanja gradbenih jam.<\/p>\n","protected":false},"excerpt":{"rendered":"<p>Specializirani smo za izdelavo stati\u010dne projektne dokumentacije za masivne, jeklene in lesene konstrukcije, kot tudi za podro\u010dje varovanja gradbenih jam.<\/p>\n","protected":false},"author":4,"featured_media":143,"parent":261,"menu_order":3,"comment_status":"closed","ping_status":"closed","template":"tpl-service-single.php","meta":[],"_links":{"self":[{"href":"https:\/\/www.markosaje.com\/sl\/wp-json\/wp\/v2\/pages\/290"}],"collection":[{"href":"https:\/\/www.markosaje.com\/sl\/wp-json\/wp\/v2\/pages"}],"about":[{"href":"https:\/\/www.markosaje.com\/sl\/wp-json\/wp\/v2\/types\/page"}],"author":[{"embeddable":true,"href":"https:\/\/www.markosaje.com\/sl\/wp-json\/wp\/v2\/users\/4"}],"replies":[{"embeddable":true,"href":"https:\/\/www.markosaje.com\/sl\/wp-json\/wp\/v2\/comments?post=290"}],"version-history":[{"count":2,"href":"https:\/\/www.markosaje.com\/sl\/wp-json\/wp\/v2\/pages\/290\/revisions"}],"predecessor-version":[{"id":1413,"href":"https:\/\/www.markosaje.com\/sl\/wp-json\/wp\/v2\/pages\/290\/revisions\/1413"}],"up":[{"embeddable":true,"href":"https:\/\/www.markosaje.com\/sl\/wp-json\/wp\/v2\/pages\/261"}],"wp:featuredmedia":[{"embeddable":true,"href":"https:\/\/www.markosaje.com\/sl\/wp-json\/wp\/v2\/media\/143"}],"wp:attachment":[{"href":"https:\/\/www.markosaje.com\/sl\/wp-json\/wp\/v2\/media?parent=290"}],"curies":[{"name":"wp","href":"https:\/\/api.w.org\/{rel}","templated":true}]}}