{"id":256,"date":"2017-05-09T09:06:49","date_gmt":"2017-05-09T09:06:49","guid":{"rendered":"https:\/\/www.markosaje.com\/kontakt\/"},"modified":"2019-11-30T09:33:27","modified_gmt":"2019-11-30T09:33:27","slug":"kontakt","status":"publish","type":"page","link":"https:\/\/www.markosaje.com\/sl\/kontakt\/","title":{"rendered":"Kontakt"},"content":{"rendered":"<h2>Kontakt<\/h2>\n<p><strong>MARKO SAJE, U.D.I.G.<\/strong><br \/>\n<strong>T:<\/strong> +386 40 124 241<br \/>\n<strong>E:<\/strong> marko@markosaje.com<\/p>\n<hr \/>\n<p>&nbsp;<\/p>\n<h2>Vizitka<\/h2>\n<p><strong>Ime:<\/strong> Marko Saje s.p.<br \/>\n<strong>Naslov:<\/strong>Taborska cesta 9c, 1000 Ljubljana<br \/>\n<strong>Mati\u010dna \u0161t.:<\/strong> 6989101000<br \/>\n<strong>Dav\u010dna \u0161t.:<\/strong> SI68234643<\/p>\n","protected":false},"excerpt":{"rendered":"<p>Kontakt MARKO SAJE, U.D.I.G. T: +386 40 124 241 E: marko@markosaje.com &nbsp; Vizitka Ime: Marko Saje s.p. Naslov:Taborska cesta 9c, 1000 Ljubljana Mati\u010dna \u0161t.: 6989101000 Dav\u010dna \u0161t.: SI68234643<\/p>\n","protected":false},"author":4,"featured_media":885,"parent":0,"menu_order":5,"comment_status":"closed","ping_status":"closed","template":"tpl-contact.php","meta":[],"_links":{"self":[{"href":"https:\/\/www.markosaje.com\/sl\/wp-json\/wp\/v2\/pages\/256"}],"collection":[{"href":"https:\/\/www.markosaje.com\/sl\/wp-json\/wp\/v2\/pages"}],"about":[{"href":"https:\/\/www.markosaje.com\/sl\/wp-json\/wp\/v2\/types\/page"}],"author":[{"embeddable":true,"href":"https:\/\/www.markosaje.com\/sl\/wp-json\/wp\/v2\/users\/4"}],"replies":[{"embeddable":true,"href":"https:\/\/www.markosaje.com\/sl\/wp-json\/wp\/v2\/comments?post=256"}],"version-history":[{"count":5,"href":"https:\/\/www.markosaje.com\/sl\/wp-json\/wp\/v2\/pages\/256\/revisions"}],"predecessor-version":[{"id":1359,"href":"https:\/\/www.markosaje.com\/sl\/wp-json\/wp\/v2\/pages\/256\/revisions\/1359"}],"wp:featuredmedia":[{"embeddable":true,"href":"https:\/\/www.markosaje.com\/sl\/wp-json\/wp\/v2\/media\/885"}],"wp:attachment":[{"href":"https:\/\/www.markosaje.com\/sl\/wp-json\/wp\/v2\/media?parent=256"}],"curies":[{"name":"wp","href":"https:\/\/api.w.org\/{rel}","templated":true}]}}