{"id":230,"date":"2017-05-09T09:04:29","date_gmt":"2017-05-09T09:04:29","guid":{"rendered":"https:\/\/www.markosaje.com\/home-page\/"},"modified":"2024-09-23T11:35:14","modified_gmt":"2024-09-23T11:35:14","slug":"home-page","status":"publish","type":"page","link":"https:\/\/www.markosaje.com\/sl\/","title":{"rendered":"Marko Saje"},"content":{"rendered":"<p>Podjetje Marko Saje | Ingenieure + Konstrukteure nadaljuje delo in ve\u010d kot \u0161tiridesetletno dru\u017einsko tradicijo gradbenega projektiranja. Podjetje je bilo ustanovljeno z namenom ponuditi visoko kvalitetnih storitev in pristop najzahtevnej\u0161im naro\u010dnikom. Usmerjeni smo izklju\u010dno na tuja tr\u017ei\u0161\u010da, izjemoma pa s svojimi storitvami sodelujemo tudi na doma\u010dem tr\u017ei\u0161\u010du.<\/p>\n<p>Na\u0161e vrednote, za katerimi stojimo so, strokovnost, natan\u010dnost ter zanesljivost. Vsakodnevno si prizadevamo za \u010dim ve\u010djo efektivnost pri delu in hkrati zagotavljamo najvi\u0161jo kvaliteto, ki jo na\u0161i naro\u010dniki zahtevajo. S svojo predanostjo, visoko fleksibilnostjo ter najmodernej\u0161imi razpolo\u017eljivimi 3D tehnologijami in orodji gradimo z na\u0161imi naro\u010dniki dolgotrajen odnos, ki se ka\u017ee v dolgoletnem sodelovanju ter vedno novih naro\u010dilih. To predstavlja temeljni kamen za na\u0161 strokovni in osebnostni razvoj.<\/p>\n<p>\u201dV kombinaciji izku\u0161enj, odgovornosti in vneme, stremimo k zagotavljanju kvalitete in zanesljivosti, ki jo naro\u010dniki cenijo.\u201d<\/p>\n","protected":false},"excerpt":{"rendered":"<p>Podjetje Marko Saje | Ingenieure + Konstrukteure nadaljuje delo in ve\u010d kot \u0161tiridesetletno dru\u017einsko tradicijo gradbenega projektiranja. Podjetje je bilo ustanovljeno z namenom ponuditi visoko kvalitetnih storitev in pristop najzahtevnej\u0161im naro\u010dnikom. Usmerjeni smo izklju\u010dno na tuja tr\u017ei\u0161\u010da, izjemoma pa s svojimi storitvami sodelujemo tudi na doma\u010dem tr\u017ei\u0161\u010du. Na\u0161e vrednote, za katerimi stojimo so, strokovnost, natan\u010dnost &hellip; <a href=\"https:\/\/www.markosaje.com\/sl\/\">Continued<\/a><\/p>\n","protected":false},"author":4,"featured_media":901,"parent":0,"menu_order":1,"comment_status":"closed","ping_status":"closed","template":"front-page.php","meta":[],"_links":{"self":[{"href":"https:\/\/www.markosaje.com\/sl\/wp-json\/wp\/v2\/pages\/230"}],"collection":[{"href":"https:\/\/www.markosaje.com\/sl\/wp-json\/wp\/v2\/pages"}],"about":[{"href":"https:\/\/www.markosaje.com\/sl\/wp-json\/wp\/v2\/types\/page"}],"author":[{"embeddable":true,"href":"https:\/\/www.markosaje.com\/sl\/wp-json\/wp\/v2\/users\/4"}],"replies":[{"embeddable":true,"href":"https:\/\/www.markosaje.com\/sl\/wp-json\/wp\/v2\/comments?post=230"}],"version-history":[{"count":5,"href":"https:\/\/www.markosaje.com\/sl\/wp-json\/wp\/v2\/pages\/230\/revisions"}],"predecessor-version":[{"id":1860,"href":"https:\/\/www.markosaje.com\/sl\/wp-json\/wp\/v2\/pages\/230\/revisions\/1860"}],"wp:featuredmedia":[{"embeddable":true,"href":"https:\/\/www.markosaje.com\/sl\/wp-json\/wp\/v2\/media\/901"}],"wp:attachment":[{"href":"https:\/\/www.markosaje.com\/sl\/wp-json\/wp\/v2\/media?parent=230"}],"curies":[{"name":"wp","href":"https:\/\/api.w.org\/{rel}","templated":true}]}}